{"id":487,"date":"2015-12-21T07:27:42","date_gmt":"2015-12-21T07:27:42","guid":{"rendered":"http:\/\/balafiadebaix.com\/es\/interior-design\/"},"modified":"2016-02-14T13:44:38","modified_gmt":"2016-02-14T13:44:38","slug":"interior-design","status":"publish","type":"page","link":"https:\/\/balafiadebaix.com\/es\/servicios\/interior-design\/","title":{"rendered":"Interior design"},"content":{"rendered":"<div id='fullscreen_slider_0' class='avia-fullscreen-slider main_color   container_wrap fullsize'   ><a href='#next-section' title='' class='scroll-down-link' aria-hidden='true' data-av_icon='\ue877' data-av_iconfont='entypo-fontello'><\/a><div  data-size='no scaling'  data-lightbox_size='large'  data-animation='slide'  data-ids='261,266,265,264,263,262,268,269,270'  data-video_counter='0'  data-autoplay='true'  data-bg_slider='true'  data-slide_height='100'  data-handle='av_fullscreen'  data-interval='5'  data-class=' '  data-css_id='fullscreen_slider_0'  data-scroll_down='aviaTBscroll_down'  data-control_layout='av-control-minimal'  data-custom_markup=''  data-perma_caption=''  data-autoplay_stopper='1'  data-stretch=''  class='avia-slideshow avia-slideshow-1 av-slider-scroll-down-active av-control-minimal avia-slideshow-no scaling av_fullscreen   avia-slide-slider '  itemscope=\"itemscope\" itemtype=\"https:\/\/schema.org\/ImageObject\" ><ul class='avia-slideshow-inner' ><li style='background-position:top left;' data-img-url='https:\/\/balafiadebaix.com\/wp-content\/uploads\/interior-design-image011.jpg' class=' slide-1 ' ><div data-rel='slideshow-1' class='avia-slide-wrap'  ><\/div><\/li><li style='background-position:Center Center;' data-img-url='https:\/\/balafiadebaix.com\/wp-content\/uploads\/interior-design-image06.jpg' class=' slide-2 ' ><div data-rel='slideshow-1' class='avia-slide-wrap'  ><\/div><\/li><li style='background-position:Center Center;' data-img-url='https:\/\/balafiadebaix.com\/wp-content\/uploads\/interior-design-image05.jpg' class=' slide-3 ' ><div data-rel='slideshow-1' class='avia-slide-wrap'  ><\/div><\/li><li style='background-position:Center Center;' data-img-url='https:\/\/balafiadebaix.com\/wp-content\/uploads\/interior-design-image04.jpg' class=' slide-4 ' ><div data-rel='slideshow-1' class='avia-slide-wrap'  ><\/div><\/li><li style='background-position:Center Center;' data-img-url='https:\/\/balafiadebaix.com\/wp-content\/uploads\/interior-design-image03.jpg' class=' slide-5 ' ><div data-rel='slideshow-1' class='avia-slide-wrap'  ><\/div><\/li><li style='background-position:Center Center;' data-img-url='https:\/\/balafiadebaix.com\/wp-content\/uploads\/interior-design-image02.jpg' class=' slide-6 ' ><div data-rel='slideshow-1' class='avia-slide-wrap'  ><\/div><\/li><li style='background-position:Center Center;' data-img-url='https:\/\/balafiadebaix.com\/wp-content\/uploads\/interior-design-image071.jpg' class=' slide-7 ' ><div data-rel='slideshow-1' class='avia-slide-wrap'  ><\/div><\/li><li style='background-position:Center Center;' data-img-url='https:\/\/balafiadebaix.com\/wp-content\/uploads\/interior-design-image08.jpg' class=' slide-8 ' ><div data-rel='slideshow-1' class='avia-slide-wrap'  ><\/div><\/li><li style='background-position:Center Center;' data-img-url='https:\/\/balafiadebaix.com\/wp-content\/uploads\/interior-design-image09.jpg' class=' slide-9 ' ><div data-rel='slideshow-1' class='avia-slide-wrap'  ><\/div><\/li><\/ul><div class='avia-slideshow-arrows avia-slideshow-controls'><a href='#prev' class='prev-slide' aria-hidden='true' data-av_icon='\ue87c' data-av_iconfont='entypo-fontello'>Anterior<\/a><a href='#next' class='next-slide' aria-hidden='true' data-av_icon='\ue87d' data-av_iconfont='entypo-fontello'>Posterior<\/a><\/div><div class='avia-slideshow-dots avia-slideshow-controls'><a href='#1' class='goto-slide active' >1<\/a><a href='#2' class='goto-slide ' >2<\/a><a href='#3' class='goto-slide ' >3<\/a><a href='#4' class='goto-slide ' >4<\/a><a href='#5' class='goto-slide ' >5<\/a><a href='#6' class='goto-slide ' >6<\/a><a href='#7' class='goto-slide ' >7<\/a><a href='#8' class='goto-slide ' >8<\/a><a href='#9' class='goto-slide ' >9<\/a><\/div><\/div><\/div>\n<\/div><\/div><\/div><!-- close content main div --><\/div><\/div><div id='av_section_1' class='avia-section main_color avia-section-default avia-no-shadow avia-bg-style-scroll   container_wrap fullsize'   ><div class='container' ><div class='template-page content  av-content-full alpha units'><div class='post-entry post-entry-type-page post-entry-487'><div class='entry-content-wrapper clearfix'>\n<div class=\"flex_column av_one_fifth  flex_column_div av-zero-column-padding first  \" style='border-radius:0px; '><\/div><div class=\"flex_column av_three_fifth  flex_column_div av-zero-column-padding   \" style='border-radius:0px; '><p><div style='padding-bottom:8px;' class='av-special-heading av-special-heading-h1  blockquote modern-quote modern-centered  '><h1 class='av-special-heading-tag'  itemprop=\"headline\"  >Interior design<\/h1><div class='special-heading-border'><div class='special-heading-inner-border' ><\/div><\/div><\/div><br \/>\n<section class=\"av_textblock_section\"  itemscope=\"itemscope\" itemtype=\"https:\/\/schema.org\/CreativeWork\" ><div class='avia_textblock '  style='font-size:14px; '  itemprop=\"text\" ><p style=\"text-align: center;\">Una vez que haya construido el hogar de sus sue\u00f1os, tambi\u00e9n cuenta lo que hay en su interior. Los servicios de Balaixa de Baix se extienden a dar los toques finales importantes a su hogar, trabajando con los mejores dise\u00f1adores interiores para asegurar que su nuevo hogar se adecue a sus gustos y necesidades personales.<\/p>\n<p style=\"text-align: center;\">Desde crear un estilo familiar tradicional ibicenco de un sal\u00f3n a implementar todas las comodidades modernas que jam\u00e1s podr\u00eda so\u00f1ar, incluyendo iluminaci\u00f3n y electricidad inteligentes, su deseos son \u00f3rdenes para ellos. Combinando lo pr\u00e1ctico con la est\u00e9tica es su especialidad, creando el equilibrio perfecto de estilo y comodidad en cada proyecto.<\/p>\n<\/div><\/section><\/p><\/div><div class=\"flex_column av_one_fifth  flex_column_div av-zero-column-padding   \" style='border-radius:0px; '><\/div>\n","protected":false},"excerpt":{"rendered":"","protected":false},"author":1,"featured_media":0,"parent":499,"menu_order":0,"comment_status":"closed","ping_status":"closed","template":"","meta":[],"_links":{"self":[{"href":"https:\/\/balafiadebaix.com\/es\/wp-json\/wp\/v2\/pages\/487"}],"collection":[{"href":"https:\/\/balafiadebaix.com\/es\/wp-json\/wp\/v2\/pages"}],"about":[{"href":"https:\/\/balafiadebaix.com\/es\/wp-json\/wp\/v2\/types\/page"}],"author":[{"embeddable":true,"href":"https:\/\/balafiadebaix.com\/es\/wp-json\/wp\/v2\/users\/1"}],"replies":[{"embeddable":true,"href":"https:\/\/balafiadebaix.com\/es\/wp-json\/wp\/v2\/comments?post=487"}],"version-history":[{"count":18,"href":"https:\/\/balafiadebaix.com\/es\/wp-json\/wp\/v2\/pages\/487\/revisions"}],"predecessor-version":[{"id":797,"href":"https:\/\/balafiadebaix.com\/es\/wp-json\/wp\/v2\/pages\/487\/revisions\/797"}],"up":[{"embeddable":true,"href":"https:\/\/balafiadebaix.com\/es\/wp-json\/wp\/v2\/pages\/499"}],"wp:attachment":[{"href":"https:\/\/balafiadebaix.com\/es\/wp-json\/wp\/v2\/media?parent=487"}],"curies":[{"name":"wp","href":"https:\/\/api.w.org\/{rel}","templated":true}]}}