{"id":485,"date":"2015-12-21T07:27:14","date_gmt":"2015-12-21T07:27:14","guid":{"rendered":"http:\/\/balafiadebaix.com\/es\/property-finding\/"},"modified":"2016-02-14T12:50:38","modified_gmt":"2016-02-14T12:50:38","slug":"buscando-viviendas","status":"publish","type":"page","link":"https:\/\/balafiadebaix.com\/es\/servicios\/buscando-viviendas\/","title":{"rendered":"Buscando viviendas"},"content":{"rendered":"<\/div><\/div><\/div><!-- close content main div --><\/div><\/div><div id='text-color-section' class='avia-section main_color avia-section-default avia-no-border-styling av-parallax-section av-section-color-overlay-active avia-bg-style-parallax   av-minimum-height av-minimum-height-100 container_wrap fullsize'  data-section-bg-repeat='no-repeat' ><div class='av-parallax' data-avia-parallax-ratio='0.3' ><div class='av-parallax-inner main_color  avia-full-stretch' style = 'background-repeat: no-repeat; background-image: url(https:\/\/balafiadebaix.com\/wp-content\/uploads\/agroturismo-atzaro-image012.jpg); background-attachment: scroll; background-position: top left; ' ><\/div><\/div><div class='av-section-color-overlay-wrap'><div class='av-section-color-overlay' style='opacity: 0.4; background-color: #020202; '><\/div><div class='container' ><div class='template-page content  av-content-full alpha units'><div class='post-entry post-entry-type-page post-entry-485'><div class='entry-content-wrapper clearfix'>\n<div class=\"flex_column av_one_fifth  flex_column_div av-zero-column-padding first  \" style='border-radius:0px; '><\/div><div class=\"flex_column av_three_fifth  flex_column_div av-zero-column-padding   \" style='border-radius:0px; '><p><div style='padding-bottom:8px;color:#ffffff;' class='av-special-heading av-special-heading-h1 custom-color-heading blockquote modern-quote  '><h1 class='av-special-heading-tag'  itemprop=\"headline\"  >Buscando viviendas<\/h1><div class='special-heading-border'><div class='special-heading-inner-border' style='border-color:#ffffff'><\/div><\/div><\/div><br \/>\n<section class=\"av_textblock_section\"  itemscope=\"itemscope\" itemtype=\"https:\/\/schema.org\/CreativeWork\" ><div class='avia_textblock  av_inherit_color'  style='font-size:14px; color:#ffffff; '  itemprop=\"text\" ><p>Una vez que haya decidido construir en Ibiza, Balafia de Baix consultar\u00e1 con usted para precisar sus requisitos, luego trabajar\u00e1 en la b\u00fasqueda y adquisici\u00f3n de la propiedad que cumpla con sus necesidades \u2013 ya sea un terreno vac\u00edo con vistas al mar o una finca antigua ya existente para ser transformada en una villa de lujo.<\/p>\n<p>Balafia de Baix dispone de todos los contactos relevantes en la isla, adem\u00e1s de a\u00f1os de experiencia que aseguran que el proceso sea tan r\u00e1pido y eficiente como sea posible y sin complicaciones. Puede descansar con la seguridad de que tiene al mejor equipo haciendo todo el trabajo por usted.<\/p>\n<\/div><\/section><\/p><\/div><div class=\"flex_column av_one_fifth  flex_column_div av-zero-column-padding   \" style='border-radius:0px; '><\/div>\n","protected":false},"excerpt":{"rendered":"","protected":false},"author":1,"featured_media":0,"parent":499,"menu_order":0,"comment_status":"closed","ping_status":"closed","template":"","meta":[],"_links":{"self":[{"href":"https:\/\/balafiadebaix.com\/es\/wp-json\/wp\/v2\/pages\/485"}],"collection":[{"href":"https:\/\/balafiadebaix.com\/es\/wp-json\/wp\/v2\/pages"}],"about":[{"href":"https:\/\/balafiadebaix.com\/es\/wp-json\/wp\/v2\/types\/page"}],"author":[{"embeddable":true,"href":"https:\/\/balafiadebaix.com\/es\/wp-json\/wp\/v2\/users\/1"}],"replies":[{"embeddable":true,"href":"https:\/\/balafiadebaix.com\/es\/wp-json\/wp\/v2\/comments?post=485"}],"version-history":[{"count":9,"href":"https:\/\/balafiadebaix.com\/es\/wp-json\/wp\/v2\/pages\/485\/revisions"}],"predecessor-version":[{"id":756,"href":"https:\/\/balafiadebaix.com\/es\/wp-json\/wp\/v2\/pages\/485\/revisions\/756"}],"up":[{"embeddable":true,"href":"https:\/\/balafiadebaix.com\/es\/wp-json\/wp\/v2\/pages\/499"}],"wp:attachment":[{"href":"https:\/\/balafiadebaix.com\/es\/wp-json\/wp\/v2\/media?parent=485"}],"curies":[{"name":"wp","href":"https:\/\/api.w.org\/{rel}","templated":true}]}}