{"id":483,"date":"2015-12-21T07:27:02","date_gmt":"2015-12-21T07:27:02","guid":{"rendered":"http:\/\/balafiadebaix.com\/es\/project-management\/"},"modified":"2016-02-14T12:49:55","modified_gmt":"2016-02-14T12:49:55","slug":"gestion-de-proyectos","status":"publish","type":"page","link":"https:\/\/balafiadebaix.com\/es\/servicios\/gestion-de-proyectos\/","title":{"rendered":"Gesti\u00f3n de proyectos"},"content":{"rendered":"<\/div><\/div><\/div><!-- close content main div --><\/div><\/div><div id='text-color-section' class='avia-section main_color avia-section-default avia-no-border-styling av-parallax-section av-section-color-overlay-active avia-bg-style-parallax   av-minimum-height av-minimum-height-100 container_wrap fullsize'  data-section-bg-repeat='no-repeat' ><div class='av-parallax' data-avia-parallax-ratio='0.3' ><div class='av-parallax-inner main_color  avia-full-stretch' style = 'background-repeat: no-repeat; background-image: url(https:\/\/balafiadebaix.com\/wp-content\/uploads\/interior-design-image071.jpg); background-attachment: scroll; background-position: top left; ' ><\/div><\/div><div class='av-section-color-overlay-wrap'><div class='av-section-color-overlay' style='opacity: 0.4; background-color: #020202; '><\/div><div class='container' ><div class='template-page content  av-content-full alpha units'><div class='post-entry post-entry-type-page post-entry-483'><div class='entry-content-wrapper clearfix'>\n<div class=\"flex_column av_one_fifth  flex_column_div av-zero-column-padding first  \" style='border-radius:0px; '><\/div><div class=\"flex_column av_three_fifth  flex_column_div av-zero-column-padding   \" style='border-radius:0px; '><p><div style='padding-bottom:8px;color:#ffffff;' class='av-special-heading av-special-heading-h1 custom-color-heading blockquote modern-quote modern-centered  '><h1 class='av-special-heading-tag'  itemprop=\"headline\"  >Gesti\u00f3n de proyectos<\/h1><div class='special-heading-border'><div class='special-heading-inner-border' style='border-color:#ffffff'><\/div><\/div><\/div><br \/>\n<section class=\"av_textblock_section\"  itemscope=\"itemscope\" itemtype=\"https:\/\/schema.org\/CreativeWork\" ><div class='avia_textblock  av_inherit_color'  style='font-size:14px; color:#ffffff; '  itemprop=\"text\" ><p style=\"text-align: center;\">Despu\u00e9s de haber forjado una gran relaci\u00f3n con sus clientes durante la construcci\u00f3n de cada proyecto, es obvio que cuando se trate de la administraci\u00f3n y mantenimiento de una valiosa inversi\u00f3n en Ibiza, sus clientes depositen toda su confianza y fe en Balafia de Baix.<\/p>\n<p style=\"text-align: center;\">Cuidar su propiedad en Ibiza \u2013 mediante el mantenimiento regular, seguridad y otros servicios adicionales que usted requiera \u2013 es la segunda naturaleza del experimentado equipo, que posee todos los contactos adecuados en Ibiza para asegurar que su hogar se mantiene en perfectas condiciones cuando se encuentre fuera de la isla.<\/p>\n<\/div><\/section><br \/>\n<div style='height:100px' class='hr hr-invisible  '><span class='hr-inner ' ><span class='hr-inner-style'><\/span><\/span><\/div><\/p><\/div><div class=\"flex_column av_one_fifth  flex_column_div av-zero-column-padding   \" style='border-radius:0px; '><\/div>\n","protected":false},"excerpt":{"rendered":"","protected":false},"author":1,"featured_media":0,"parent":499,"menu_order":0,"comment_status":"closed","ping_status":"closed","template":"","meta":[],"_links":{"self":[{"href":"https:\/\/balafiadebaix.com\/es\/wp-json\/wp\/v2\/pages\/483"}],"collection":[{"href":"https:\/\/balafiadebaix.com\/es\/wp-json\/wp\/v2\/pages"}],"about":[{"href":"https:\/\/balafiadebaix.com\/es\/wp-json\/wp\/v2\/types\/page"}],"author":[{"embeddable":true,"href":"https:\/\/balafiadebaix.com\/es\/wp-json\/wp\/v2\/users\/1"}],"replies":[{"embeddable":true,"href":"https:\/\/balafiadebaix.com\/es\/wp-json\/wp\/v2\/comments?post=483"}],"version-history":[{"count":10,"href":"https:\/\/balafiadebaix.com\/es\/wp-json\/wp\/v2\/pages\/483\/revisions"}],"predecessor-version":[{"id":755,"href":"https:\/\/balafiadebaix.com\/es\/wp-json\/wp\/v2\/pages\/483\/revisions\/755"}],"up":[{"embeddable":true,"href":"https:\/\/balafiadebaix.com\/es\/wp-json\/wp\/v2\/pages\/499"}],"wp:attachment":[{"href":"https:\/\/balafiadebaix.com\/es\/wp-json\/wp\/v2\/media?parent=483"}],"curies":[{"name":"wp","href":"https:\/\/api.w.org\/{rel}","templated":true}]}}