{"id":481,"date":"2015-12-21T07:26:36","date_gmt":"2015-12-21T07:26:36","guid":{"rendered":"http:\/\/balafiadebaix.com\/es\/construction\/"},"modified":"2016-02-14T12:47:58","modified_gmt":"2016-02-14T12:47:58","slug":"construccion","status":"publish","type":"page","link":"https:\/\/balafiadebaix.com\/es\/servicios\/construccion\/","title":{"rendered":"Construcci\u00f3n"},"content":{"rendered":"<\/div><\/div><\/div><!-- close content main div --><\/div><\/div><div id='text-color-section' class='avia-section main_color avia-section-default avia-no-border-styling av-parallax-section av-section-color-overlay-active avia-bg-style-parallax   av-minimum-height av-minimum-height-100 container_wrap fullsize'  data-section-bg-repeat='no-repeat' ><div class='av-parallax' data-avia-parallax-ratio='0.3' ><div class='av-parallax-inner main_color  avia-full-stretch' style = 'background-repeat: no-repeat; background-image: url(https:\/\/balafiadebaix.com\/wp-content\/uploads\/casa-tipaza-image01.jpg); background-attachment: scroll; background-position: top left; ' ><\/div><\/div><div class='av-section-color-overlay-wrap'><div class='av-section-color-overlay' style='opacity: 0.4; background-color: #020202; '><\/div><div class='container' ><div class='template-page content  av-content-full alpha units'><div class='post-entry post-entry-type-page post-entry-481'><div class='entry-content-wrapper clearfix'>\n<div class=\"flex_column av_one_fifth  flex_column_div av-zero-column-padding first  \" style='border-radius:0px; '><\/div><div class=\"flex_column av_three_fifth  flex_column_div av-zero-column-padding   \" style='border-radius:0px; '><p><div style='padding-bottom:8px;color:#ffffff;' class='av-special-heading av-special-heading-h1 custom-color-heading blockquote modern-quote modern-centered  '><h1 class='av-special-heading-tag'  itemprop=\"headline\"  >Construcci\u00f3n<\/h1><div class='special-heading-border'><div class='special-heading-inner-border' style='border-color:#ffffff'><\/div><\/div><\/div><br \/>\n<section class=\"av_textblock_section\"  itemscope=\"itemscope\" itemtype=\"https:\/\/schema.org\/CreativeWork\" ><div class='avia_textblock  av_inherit_color'  style='font-size:14px; color:#ffffff; '  itemprop=\"text\" ><p style=\"text-align: center;\">Tanto si es construir su nuevo hogar en Ibiza partiendo de los cimientos, como extender y renovar una propiedad existente o remodelar una finca ibicenca antigua en el hogar de sus sue\u00f1os, Balafia de Baix tiene una gran experiencia en la isla en cuanto a la construcci\u00f3n de inmuebles.<\/p>\n<p style=\"text-align: center;\">Trabajando con los mejores arquitectos, paisajistas y contratistas, es el \u00fanico punto de contacto desde la primera consulta, lo que significa que deja su proyecto en muy buenas manos.<\/p>\n<p style=\"text-align: center;\">Construir hogares residenciales basados en la tradici\u00f3n Ibicenca es su especialidad, a\u00f1adiendo nuevos elementos como ba\u00f1os, terrazas, piscinas o garajes. Su conocimiento y experiencia aseguran que su proyecto se completa a tiempo y dentro de su presupuesto.<\/p>\n<\/div><\/section><br \/>\n<div style='height:100px' class='hr hr-invisible  '><span class='hr-inner ' ><span class='hr-inner-style'><\/span><\/span><\/div><\/p><\/div><div class=\"flex_column av_one_fifth  flex_column_div av-zero-column-padding   \" style='border-radius:0px; '><\/div>\n","protected":false},"excerpt":{"rendered":"","protected":false},"author":1,"featured_media":0,"parent":499,"menu_order":0,"comment_status":"closed","ping_status":"closed","template":"","meta":[],"_links":{"self":[{"href":"https:\/\/balafiadebaix.com\/es\/wp-json\/wp\/v2\/pages\/481"}],"collection":[{"href":"https:\/\/balafiadebaix.com\/es\/wp-json\/wp\/v2\/pages"}],"about":[{"href":"https:\/\/balafiadebaix.com\/es\/wp-json\/wp\/v2\/types\/page"}],"author":[{"embeddable":true,"href":"https:\/\/balafiadebaix.com\/es\/wp-json\/wp\/v2\/users\/1"}],"replies":[{"embeddable":true,"href":"https:\/\/balafiadebaix.com\/es\/wp-json\/wp\/v2\/comments?post=481"}],"version-history":[{"count":14,"href":"https:\/\/balafiadebaix.com\/es\/wp-json\/wp\/v2\/pages\/481\/revisions"}],"predecessor-version":[{"id":750,"href":"https:\/\/balafiadebaix.com\/es\/wp-json\/wp\/v2\/pages\/481\/revisions\/750"}],"up":[{"embeddable":true,"href":"https:\/\/balafiadebaix.com\/es\/wp-json\/wp\/v2\/pages\/499"}],"wp:attachment":[{"href":"https:\/\/balafiadebaix.com\/es\/wp-json\/wp\/v2\/media?parent=481"}],"curies":[{"name":"wp","href":"https:\/\/api.w.org\/{rel}","templated":true}]}}