{"id":475,"date":"2015-12-21T07:31:39","date_gmt":"2015-12-21T07:31:39","guid":{"rendered":"http:\/\/balafiadebaix.com\/es\/casa-tipaza\/"},"modified":"2021-02-17T10:19:14","modified_gmt":"2021-02-17T10:19:14","slug":"casa-tipaza","status":"publish","type":"page","link":"https:\/\/balafiadebaix.com\/es\/projects\/propiedades\/casa-tipaza\/","title":{"rendered":"Casa Tipaza"},"content":{"rendered":"<div id='fullscreen_slider_0' class='avia-fullscreen-slider main_color   container_wrap fullsize'   ><a href='#next-section' title='' class='scroll-down-link' aria-hidden='true' data-av_icon='\ue877' data-av_iconfont='entypo-fontello'><\/a><div  data-size='no scaling'  data-lightbox_size='large'  data-animation='fade'  data-ids='217,219,220,238,221,226,232,225,227,237,233'  data-video_counter='0'  data-autoplay='true'  data-bg_slider='true'  data-slide_height='100'  data-handle='av_fullscreen'  data-interval='5'  data-class=' '  data-css_id='fullscreen_slider_0'  data-scroll_down='aviaTBscroll_down'  data-control_layout='av-control-minimal'  data-custom_markup=''  data-perma_caption=''  data-autoplay_stopper='1'  data-stretch=''  class='avia-slideshow avia-slideshow-1 av-slider-scroll-down-active av-control-minimal avia-slideshow-no scaling av_fullscreen   avia-fade-slider '  itemscope=\"itemscope\" itemtype=\"https:\/\/schema.org\/ImageObject\" ><ul class='avia-slideshow-inner' ><li style='background-position:Center Center;' data-img-url='https:\/\/balafiadebaix.com\/wp-content\/uploads\/casa-tipaza-image01.jpg' class=' slide-1 ' ><div data-rel='slideshow-1' class='avia-slide-wrap'  ><\/div><\/li><li style='background-position:Center Center;' data-img-url='https:\/\/balafiadebaix.com\/wp-content\/uploads\/casa-tipaza-image021.jpg' class=' slide-2 ' ><div data-rel='slideshow-1' class='avia-slide-wrap'  ><\/div><\/li><li style='background-position:Center Center;' data-img-url='https:\/\/balafiadebaix.com\/wp-content\/uploads\/casa-tipaza-image03.jpg' class=' slide-3 ' ><div data-rel='slideshow-1' class='avia-slide-wrap'  ><\/div><\/li><li style='background-position:Center Center;' data-img-url='https:\/\/balafiadebaix.com\/wp-content\/uploads\/casa-tipaza-image17.jpg' class=' slide-4 ' ><div data-rel='slideshow-1' class='avia-slide-wrap'  ><\/div><\/li><li style='background-position:Center Center;' data-img-url='https:\/\/balafiadebaix.com\/wp-content\/uploads\/casa-tipaza-image04.jpg' class=' slide-5 ' ><div data-rel='slideshow-1' class='avia-slide-wrap'  ><\/div><\/li><li style='background-position:Center Center;' data-img-url='https:\/\/balafiadebaix.com\/wp-content\/uploads\/casa-tipaza-image07.jpg' class=' slide-6 ' ><div data-rel='slideshow-1' class='avia-slide-wrap'  ><\/div><\/li><li style='background-position:Center Center;' data-img-url='https:\/\/balafiadebaix.com\/wp-content\/uploads\/casa-tipaza-image11.jpg' class=' slide-7 ' ><div data-rel='slideshow-1' class='avia-slide-wrap'  ><\/div><\/li><li style='background-position:Center Center;' data-img-url='https:\/\/balafiadebaix.com\/wp-content\/uploads\/casa-tipaza-image061.jpg' class=' slide-8 ' ><div data-rel='slideshow-1' class='avia-slide-wrap'  ><\/div><\/li><li style='background-position:Center Center;' data-img-url='https:\/\/balafiadebaix.com\/wp-content\/uploads\/casa-tipaza-image08.jpg' class=' slide-9 ' ><div data-rel='slideshow-1' class='avia-slide-wrap'  ><\/div><\/li><li style='background-position:Center Center;' data-img-url='https:\/\/balafiadebaix.com\/wp-content\/uploads\/casa-tipaza-image16.jpg' class=' slide-10 ' ><div data-rel='slideshow-1' class='avia-slide-wrap'  ><\/div><\/li><\/ul><div class='avia-slideshow-arrows avia-slideshow-controls'><a href='#prev' class='prev-slide' aria-hidden='true' data-av_icon='\ue87c' data-av_iconfont='entypo-fontello'>Anterior<\/a><a href='#next' class='next-slide' aria-hidden='true' data-av_icon='\ue87d' data-av_iconfont='entypo-fontello'>Posterior<\/a><\/div><div class='avia-slideshow-dots avia-slideshow-controls'><a href='#1' class='goto-slide active' >1<\/a><a href='#2' class='goto-slide ' >2<\/a><a href='#3' class='goto-slide ' >3<\/a><a href='#4' class='goto-slide ' >4<\/a><a href='#5' class='goto-slide ' >5<\/a><a href='#6' class='goto-slide ' >6<\/a><a href='#7' class='goto-slide ' >7<\/a><a href='#8' class='goto-slide ' >8<\/a><a href='#9' class='goto-slide ' >9<\/a><a href='#10' class='goto-slide ' >10<\/a><\/div><\/div><\/div>\n<\/div><\/div><\/div><!-- close content main div --><\/div><\/div><div id='av_section_1' class='avia-section main_color avia-section-default avia-no-shadow avia-bg-style-scroll   container_wrap fullsize'   ><div class='container' ><div class='template-page content  av-content-full alpha units'><div class='post-entry post-entry-type-page post-entry-475'><div class='entry-content-wrapper clearfix'>\n<div class=\"flex_column av_one_fifth  flex_column_div av-zero-column-padding first  \" style='border-radius:0px; '><\/div><div class=\"flex_column av_three_fifth  flex_column_div av-zero-column-padding   \" style='border-radius:0px; '><p><div style='padding-bottom:8px;' class='av-special-heading av-special-heading-h1  blockquote modern-quote modern-centered  '><h1 class='av-special-heading-tag'  itemprop=\"headline\"  >Casa Tipaza<\/h1><div class='special-heading-border'><div class='special-heading-inner-border' ><\/div><\/div><\/div><br \/>\n<section class=\"av_textblock_section\"  itemscope=\"itemscope\" itemtype=\"https:\/\/schema.org\/CreativeWork\" ><div class='avia_textblock '  style='font-size:14px; '  itemprop=\"text\" ><p>Un hogar situado en primera l\u00ednea de la pen\u00ednsula de Porroig fue remodelado para crear esta obra de arte moderna y c\u00fabica dise\u00f1ada por el arquitecto Jaime Romano de Barcelona, que fue construida a lo largo de 12 meses empezando en julio del 2005.<u><\/u><u><\/u><\/p>\n<p>Cuenta con un dise\u00f1o amplio y de m\u00faltiples niveles, que se adhiere estrictamente a las leyes de construcci\u00f3n que rigen la costa. Los jardines meticulosamente cuidados, una piscina infinita con una vista directa al mar, una casita de invitados, zonas ajardinadas nuevas, espacios pavimentados y paredes de hormig\u00f3n complementan el proyecto.<\/p>\n<\/div><\/section><\/p><\/div><div class=\"flex_column av_one_fifth  flex_column_div av-zero-column-padding   \" style='border-radius:0px; '><\/div>\n","protected":false},"excerpt":{"rendered":"","protected":false},"author":1,"featured_media":0,"parent":498,"menu_order":0,"comment_status":"closed","ping_status":"closed","template":"","meta":[],"_links":{"self":[{"href":"https:\/\/balafiadebaix.com\/es\/wp-json\/wp\/v2\/pages\/475"}],"collection":[{"href":"https:\/\/balafiadebaix.com\/es\/wp-json\/wp\/v2\/pages"}],"about":[{"href":"https:\/\/balafiadebaix.com\/es\/wp-json\/wp\/v2\/types\/page"}],"author":[{"embeddable":true,"href":"https:\/\/balafiadebaix.com\/es\/wp-json\/wp\/v2\/users\/1"}],"replies":[{"embeddable":true,"href":"https:\/\/balafiadebaix.com\/es\/wp-json\/wp\/v2\/comments?post=475"}],"version-history":[{"count":14,"href":"https:\/\/balafiadebaix.com\/es\/wp-json\/wp\/v2\/pages\/475\/revisions"}],"predecessor-version":[{"id":1078,"href":"https:\/\/balafiadebaix.com\/es\/wp-json\/wp\/v2\/pages\/475\/revisions\/1078"}],"up":[{"embeddable":true,"href":"https:\/\/balafiadebaix.com\/es\/wp-json\/wp\/v2\/pages\/498"}],"wp:attachment":[{"href":"https:\/\/balafiadebaix.com\/es\/wp-json\/wp\/v2\/media?parent=475"}],"curies":[{"name":"wp","href":"https:\/\/api.w.org\/{rel}","templated":true}]}}