{"id":473,"date":"2015-12-21T07:30:58","date_gmt":"2015-12-21T07:30:58","guid":{"rendered":"http:\/\/balafiadebaix.com\/es\/can-miquel\/"},"modified":"2016-02-14T14:26:49","modified_gmt":"2016-02-14T14:26:49","slug":"can-miquel","status":"publish","type":"page","link":"https:\/\/balafiadebaix.com\/es\/projects\/propiedades\/can-miquel\/","title":{"rendered":"Can Miquel"},"content":{"rendered":"<div id='fullscreen_slider_0' class='avia-fullscreen-slider main_color   container_wrap fullsize'   ><a href='#next-section' title='' class='scroll-down-link' aria-hidden='true' data-av_icon='\ue877' data-av_iconfont='entypo-fontello'><\/a><div  data-size='no scaling'  data-lightbox_size='large'  data-animation='slide'  data-ids='189,196,197,198,206,209'  data-video_counter='0'  data-autoplay='true'  data-bg_slider='true'  data-slide_height='100'  data-handle='av_fullscreen'  data-interval='5'  data-class=' '  data-css_id='fullscreen_slider_0'  data-scroll_down='aviaTBscroll_down'  data-control_layout='av-control-minimal'  data-custom_markup=''  data-perma_caption=''  data-autoplay_stopper='1'  data-stretch=''  class='avia-slideshow avia-slideshow-1 av-slider-scroll-down-active av-control-minimal avia-slideshow-no scaling av_fullscreen   avia-slide-slider '  itemscope=\"itemscope\" itemtype=\"https:\/\/schema.org\/ImageObject\" ><ul class='avia-slideshow-inner' ><li style='background-position:Center Center;' data-img-url='https:\/\/balafiadebaix.com\/wp-content\/uploads\/can-joan-miquel-image01.jpg' class=' slide-1 ' ><div data-rel='slideshow-1' class='avia-slide-wrap'  ><\/div><\/li><li style='background-position:Center Center;' data-img-url='https:\/\/balafiadebaix.com\/wp-content\/uploads\/can-joan-miquel-image05.jpg' class=' slide-2 ' ><div data-rel='slideshow-1' class='avia-slide-wrap'  ><\/div><\/li><li style='background-position:Center Center;' data-img-url='https:\/\/balafiadebaix.com\/wp-content\/uploads\/can-joan-miquel-image06.jpg' class=' slide-3 ' ><div data-rel='slideshow-1' class='avia-slide-wrap'  ><\/div><\/li><li style='background-position:Center Center;' data-img-url='https:\/\/balafiadebaix.com\/wp-content\/uploads\/can-joan-miquel-image07.jpg' class=' slide-4 ' ><div data-rel='slideshow-1' class='avia-slide-wrap'  ><\/div><\/li><li style='background-position:Center Center;' data-img-url='https:\/\/balafiadebaix.com\/wp-content\/uploads\/can-joan-miquel-image13.jpg' class=' slide-5 ' ><div data-rel='slideshow-1' class='avia-slide-wrap'  ><\/div><\/li><li style='background-position:Center Center;' data-img-url='https:\/\/balafiadebaix.com\/wp-content\/uploads\/can-joan-miquel-image16.jpg' class=' slide-6 ' ><div data-rel='slideshow-1' class='avia-slide-wrap'  ><\/div><\/li><\/ul><div class='avia-slideshow-arrows avia-slideshow-controls'><a href='#prev' class='prev-slide' aria-hidden='true' data-av_icon='\ue87c' data-av_iconfont='entypo-fontello'>Anterior<\/a><a href='#next' class='next-slide' aria-hidden='true' data-av_icon='\ue87d' data-av_iconfont='entypo-fontello'>Posterior<\/a><\/div><div class='avia-slideshow-dots avia-slideshow-controls'><a href='#1' class='goto-slide active' >1<\/a><a href='#2' class='goto-slide ' >2<\/a><a href='#3' class='goto-slide ' >3<\/a><a href='#4' class='goto-slide ' >4<\/a><a href='#5' class='goto-slide ' >5<\/a><a href='#6' class='goto-slide ' >6<\/a><\/div><\/div><\/div>\n<\/div><\/div><\/div><!-- close content main div --><\/div><\/div><div id='av_section_1' class='avia-section main_color avia-section-default avia-no-shadow avia-bg-style-scroll   container_wrap fullsize'   ><div class='container' ><div class='template-page content  av-content-full alpha units'><div class='post-entry post-entry-type-page post-entry-473'><div class='entry-content-wrapper clearfix'>\n<div class=\"flex_column av_one_fifth  flex_column_div av-zero-column-padding first  \" style='border-radius:0px; '><\/div><div class=\"flex_column av_three_fifth  flex_column_div av-zero-column-padding   \" style='border-radius:0px; '><p><div style='padding-bottom:8px;' class='av-special-heading av-special-heading-h1  blockquote modern-quote modern-centered  '><h1 class='av-special-heading-tag'  itemprop=\"headline\"  >Can Miquel<\/h1><div class='special-heading-border'><div class='special-heading-inner-border' ><\/div><\/div><\/div><br \/>\n<section class=\"av_textblock_section\"  itemscope=\"itemscope\" itemtype=\"https:\/\/schema.org\/CreativeWork\" ><div class='avia_textblock '  style='font-size:14px; '  itemprop=\"text\" ><p style=\"text-align: center;\">La propiedad original justo en las afueras del pueblo de Sant Joan y de camino a Portinatx \u2013 ya estaba bastante avanzada estructuralmente cuando Balafia de Baix pas\u00f3 a encargarse del proyecto en el 2006, sin embargo los detalles en los toques finales es lo que hace que las renovaciones sean tan especiales.<\/p>\n<p style=\"text-align: center;\">Se a\u00f1adieron nuevos suelos de baldosas, ba\u00f1os al estilo de un spa, una cocina elegante y espaciosa, incre\u00edbles vigas de madera y paredes de piedra dentro y fuera. En el jard\u00edn, los \u00e1rboles antiguos conviven en armon\u00eda con palmeras tropicales reci\u00e9n cultivadas. Varias zonas con porche, una llamativa piscina angular y una fuente completan este proyecto en el que lo r\u00fastico se complementa con lo moderno.<\/p>\n<\/div><\/section><\/p><\/div><div class=\"flex_column av_one_fifth  flex_column_div av-zero-column-padding   \" style='border-radius:0px; '><\/div>\n","protected":false},"excerpt":{"rendered":"","protected":false},"author":1,"featured_media":0,"parent":498,"menu_order":0,"comment_status":"closed","ping_status":"closed","template":"","meta":[],"_links":{"self":[{"href":"https:\/\/balafiadebaix.com\/es\/wp-json\/wp\/v2\/pages\/473"}],"collection":[{"href":"https:\/\/balafiadebaix.com\/es\/wp-json\/wp\/v2\/pages"}],"about":[{"href":"https:\/\/balafiadebaix.com\/es\/wp-json\/wp\/v2\/types\/page"}],"author":[{"embeddable":true,"href":"https:\/\/balafiadebaix.com\/es\/wp-json\/wp\/v2\/users\/1"}],"replies":[{"embeddable":true,"href":"https:\/\/balafiadebaix.com\/es\/wp-json\/wp\/v2\/comments?post=473"}],"version-history":[{"count":7,"href":"https:\/\/balafiadebaix.com\/es\/wp-json\/wp\/v2\/pages\/473\/revisions"}],"predecessor-version":[{"id":845,"href":"https:\/\/balafiadebaix.com\/es\/wp-json\/wp\/v2\/pages\/473\/revisions\/845"}],"up":[{"embeddable":true,"href":"https:\/\/balafiadebaix.com\/es\/wp-json\/wp\/v2\/pages\/498"}],"wp:attachment":[{"href":"https:\/\/balafiadebaix.com\/es\/wp-json\/wp\/v2\/media?parent=473"}],"curies":[{"name":"wp","href":"https:\/\/api.w.org\/{rel}","templated":true}]}}