{"id":469,"date":"2015-12-21T07:29:45","date_gmt":"2015-12-21T07:29:45","guid":{"rendered":"http:\/\/balafiadebaix.com\/es\/can-curt-2\/"},"modified":"2016-02-14T14:17:24","modified_gmt":"2016-02-14T14:17:24","slug":"can-curt-2","status":"publish","type":"page","link":"https:\/\/balafiadebaix.com\/es\/projects\/propiedades\/can-curt-2\/","title":{"rendered":"Can Curt 2"},"content":{"rendered":"<div id='fullscreen_slider_0' class='avia-fullscreen-slider main_color   container_wrap fullsize'   ><a href='#next-section' title='' class='scroll-down-link' aria-hidden='true' data-av_icon='\ue877' data-av_iconfont='entypo-fontello'><\/a><div  data-size='no scaling'  data-lightbox_size='large'  data-animation='slide'  data-ids='157,155'  data-video_counter='0'  data-autoplay='true'  data-bg_slider='true'  data-slide_height='100'  data-handle='av_fullscreen'  data-interval='5'  data-class=' '  data-css_id='fullscreen_slider_0'  data-scroll_down='aviaTBscroll_down'  data-control_layout=''  data-custom_markup=''  data-perma_caption=''  data-autoplay_stopper='1'  data-stretch=''  class='avia-slideshow avia-slideshow-1 av-slider-scroll-down-active avia-slideshow-no scaling av_fullscreen   avia-slide-slider '  itemscope=\"itemscope\" itemtype=\"https:\/\/schema.org\/ImageObject\" ><ul class='avia-slideshow-inner' ><li style='background-position:Center Center;' data-img-url='https:\/\/balafiadebaix.com\/wp-content\/uploads\/cancurt2-image013.jpg' class=' slide-1 ' ><div data-rel='slideshow-1' class='avia-slide-wrap'  ><\/div><\/li><li style='background-position:Center Center;' data-img-url='https:\/\/balafiadebaix.com\/wp-content\/uploads\/cancurt2-image03.jpg' class=' slide-2 ' ><div data-rel='slideshow-1' class='avia-slide-wrap'  ><\/div><\/li><\/ul><div class='avia-slideshow-arrows avia-slideshow-controls'><a href='#prev' class='prev-slide' aria-hidden='true' data-av_icon='\ue87c' data-av_iconfont='entypo-fontello'>Anterior<\/a><a href='#next' class='next-slide' aria-hidden='true' data-av_icon='\ue87d' data-av_iconfont='entypo-fontello'>Posterior<\/a><\/div><div class='avia-slideshow-dots avia-slideshow-controls'><a href='#1' class='goto-slide active' >1<\/a><a href='#2' class='goto-slide ' >2<\/a><\/div><\/div><\/div>\n<\/div><\/div><\/div><!-- close content main div --><\/div><\/div><div id='av_section_1' class='avia-section main_color avia-section-default avia-no-shadow avia-bg-style-scroll   container_wrap fullsize'   ><div class='container' ><div class='template-page content  av-content-full alpha units'><div class='post-entry post-entry-type-page post-entry-469'><div class='entry-content-wrapper clearfix'>\n<div class=\"flex_column av_one_fifth  flex_column_div av-zero-column-padding first  \" style='border-radius:0px; '><\/div><div class=\"flex_column av_three_fifth  flex_column_div av-zero-column-padding   \" style='border-radius:0px; '><p><div style='padding-bottom:8px;' class='av-special-heading av-special-heading-h1  blockquote modern-quote modern-centered  '><h1 class='av-special-heading-tag'  itemprop=\"headline\"  >Can Curt 2<\/h1><div class='special-heading-border'><div class='special-heading-inner-border' ><\/div><\/div><\/div><br \/>\n<section class=\"av_textblock_section\"  itemscope=\"itemscope\" itemtype=\"https:\/\/schema.org\/CreativeWork\" ><div class='avia_textblock '  style='font-size:15px; '  itemprop=\"text\" ><p style=\"text-align: center;\">Un proyecto de construcci\u00f3n complicado, debido a la inclinaci\u00f3n del terreno y el bosque que lo rodea. Se tard\u00f3 tres meses en preparar y limpiar el terreno, trayendo tierra y cemento y construyendo muros de contenci\u00f3n para crear las superficies para empezar la construcci\u00f3n. Un proyecto que en total dur\u00f3 dos inviernos.<\/p>\n<p style=\"text-align: center;\">Dise\u00f1ada por Balafia de Baix, la casa es una villa grande al estilo de una finca tradicional, con carpinter\u00eda, suelos y decoraci\u00f3n tra\u00edda de Bali. Llena de luz natural, comprende siete dormitoris, cada uno con ba\u00f1o y patio exterior, un anexo, una piscina infinita de 40 metros de longitud, fuentes, una zona chill out en el tejado y mucho m\u00e1s<\/p>\n<\/div><\/section><\/p><\/div><div class=\"flex_column av_one_fifth  flex_column_div av-zero-column-padding   \" style='border-radius:0px; '><\/div>\n","protected":false},"excerpt":{"rendered":"","protected":false},"author":1,"featured_media":0,"parent":498,"menu_order":0,"comment_status":"closed","ping_status":"closed","template":"","meta":[],"_links":{"self":[{"href":"https:\/\/balafiadebaix.com\/es\/wp-json\/wp\/v2\/pages\/469"}],"collection":[{"href":"https:\/\/balafiadebaix.com\/es\/wp-json\/wp\/v2\/pages"}],"about":[{"href":"https:\/\/balafiadebaix.com\/es\/wp-json\/wp\/v2\/types\/page"}],"author":[{"embeddable":true,"href":"https:\/\/balafiadebaix.com\/es\/wp-json\/wp\/v2\/users\/1"}],"replies":[{"embeddable":true,"href":"https:\/\/balafiadebaix.com\/es\/wp-json\/wp\/v2\/comments?post=469"}],"version-history":[{"count":7,"href":"https:\/\/balafiadebaix.com\/es\/wp-json\/wp\/v2\/pages\/469\/revisions"}],"predecessor-version":[{"id":837,"href":"https:\/\/balafiadebaix.com\/es\/wp-json\/wp\/v2\/pages\/469\/revisions\/837"}],"up":[{"embeddable":true,"href":"https:\/\/balafiadebaix.com\/es\/wp-json\/wp\/v2\/pages\/498"}],"wp:attachment":[{"href":"https:\/\/balafiadebaix.com\/es\/wp-json\/wp\/v2\/media?parent=469"}],"curies":[{"name":"wp","href":"https:\/\/api.w.org\/{rel}","templated":true}]}}