{"id":465,"date":"2015-12-21T07:28:41","date_gmt":"2015-12-21T07:28:41","guid":{"rendered":"http:\/\/balafiadebaix.com\/es\/atzaro\/"},"modified":"2016-02-14T14:16:39","modified_gmt":"2016-02-14T14:16:39","slug":"atzaro","status":"publish","type":"page","link":"https:\/\/balafiadebaix.com\/es\/projects\/propiedades\/atzaro\/","title":{"rendered":"Atzaro"},"content":{"rendered":"<div id='fullscreen_slider_0' class='avia-fullscreen-slider main_color  atzaro container_wrap fullsize'   ><a href='#next-section' title='' class='scroll-down-link' aria-hidden='true' data-av_icon='\ue877' data-av_iconfont='entypo-fontello'><\/a><div  data-size='no scaling'  data-lightbox_size='large'  data-animation='slide'  data-ids='106,131,129,125,128,123,124,126'  data-video_counter='0'  data-autoplay='true'  data-bg_slider='true'  data-slide_height='100'  data-handle='av_fullscreen'  data-interval='5'  data-class=' '  data-css_id='fullscreen_slider_0'  data-scroll_down='aviaTBscroll_down'  data-control_layout='av-control-minimal'  data-custom_markup=''  data-perma_caption=''  data-autoplay_stopper='1'  data-stretch=''  class='avia-slideshow avia-slideshow-1 av-slider-scroll-down-active av-control-minimal avia-slideshow-no scaling av_fullscreen   avia-slide-slider '  itemscope=\"itemscope\" itemtype=\"https:\/\/schema.org\/ImageObject\" ><ul class='avia-slideshow-inner' ><li style='background-position:Center Center;' data-img-url='https:\/\/balafiadebaix.com\/wp-content\/uploads\/agroturismo-atzaro-image012.jpg' class=' slide-1 ' ><div data-rel='slideshow-1' class='avia-slide-wrap'  ><\/div><\/li><li style='background-position:center center;' data-img-url='https:\/\/balafiadebaix.com\/wp-content\/uploads\/agroturismo-atzaro-image022.jpg' class=' slide-2 ' ><div data-rel='slideshow-1' class='avia-slide-wrap'  ><\/div><\/li><li style='background-position:center center;' data-img-url='https:\/\/balafiadebaix.com\/wp-content\/uploads\/agroturismo-atzaro-image031.jpg' class=' slide-3 ' ><div data-rel='slideshow-1' class='avia-slide-wrap'  ><\/div><\/li><li style='background-position:Center Center;' data-img-url='https:\/\/balafiadebaix.com\/wp-content\/uploads\/agroturismo-atzaro-image07.jpg' class=' slide-4 ' ><div data-rel='slideshow-1' class='avia-slide-wrap'  ><\/div><\/li><li style='background-position:Center Center;' data-img-url='https:\/\/balafiadebaix.com\/wp-content\/uploads\/agroturismo-atzaro-image042.jpg' class=' slide-5 ' ><div data-rel='slideshow-1' class='avia-slide-wrap'  ><\/div><\/li><li style='background-position:Center Center;' data-img-url='https:\/\/balafiadebaix.com\/wp-content\/uploads\/agroturismo-atzaro-image09.jpg' class=' slide-6 ' ><div data-rel='slideshow-1' class='avia-slide-wrap'  ><\/div><\/li><li style='background-position:Center Center;' data-img-url='https:\/\/balafiadebaix.com\/wp-content\/uploads\/agroturismo-atzaro-image08.jpg' class=' slide-7 ' ><div data-rel='slideshow-1' class='avia-slide-wrap'  ><\/div><\/li><li style='background-position:Center Center;' data-img-url='https:\/\/balafiadebaix.com\/wp-content\/uploads\/agroturismo-atzaro-image06.jpg' class=' slide-8 ' ><div data-rel='slideshow-1' class='avia-slide-wrap'  ><\/div><\/li><\/ul><div class='avia-slideshow-arrows avia-slideshow-controls'><a href='#prev' class='prev-slide' aria-hidden='true' data-av_icon='\ue87c' data-av_iconfont='entypo-fontello'>Anterior<\/a><a href='#next' class='next-slide' aria-hidden='true' data-av_icon='\ue87d' data-av_iconfont='entypo-fontello'>Posterior<\/a><\/div><div class='avia-slideshow-dots avia-slideshow-controls'><a href='#1' class='goto-slide active' >1<\/a><a href='#2' class='goto-slide ' >2<\/a><a href='#3' class='goto-slide ' >3<\/a><a href='#4' class='goto-slide ' >4<\/a><a href='#5' class='goto-slide ' >5<\/a><a href='#6' class='goto-slide ' >6<\/a><a href='#7' class='goto-slide ' >7<\/a><a href='#8' class='goto-slide ' >8<\/a><\/div><\/div><\/div>\n<\/div><\/div><\/div><!-- close content main div --><\/div><\/div><div id='av_section_1' class='avia-section main_color avia-section-default avia-no-shadow avia-bg-style-scroll   container_wrap fullsize'   ><div class='container' ><div class='template-page content  av-content-full alpha units'><div class='post-entry post-entry-type-page post-entry-465'><div class='entry-content-wrapper clearfix'>\n<div class=\"flex_column av_one_fifth  flex_column_div av-zero-column-padding first  \" style='border-radius:0px; '><\/div><div class=\"flex_column av_three_fifth  flex_column_div av-zero-column-padding   \" style='border-radius:0px; '><p><div style='padding-bottom:8px;' class='av-special-heading av-special-heading-h1  blockquote modern-quote modern-centered  '><h1 class='av-special-heading-tag'  itemprop=\"headline\"  >Agroturismo Atzar\u00f3<\/h1><div class='special-heading-border'><div class='special-heading-inner-border' ><\/div><\/div><\/div><br \/>\n<section class=\"av_textblock_section\"  itemscope=\"itemscope\" itemtype=\"https:\/\/schema.org\/CreativeWork\" ><div class='avia_textblock '  style='font-size:14px; '  itemprop=\"text\" ><p style=\"text-align: center;\">Cuesta creer que este expansivo hotel rural fuera antiguamente una peque\u00f1a finca familiar. Las obras de este proyecto se iniciaron en el 2002, transformando el hogar original en el hotel y zona de recepci\u00f3n, adem\u00e1s de a\u00f1adir una piscina, fuente, jardines y aparcamiento.<\/p>\n<p style=\"text-align: center;\">Cada a\u00f1o se han ido realizando renovaciones y aportando nuevos elementos \u2013 incluyendo dos villas aisladas, una zona chill out, un spa, templo y tienda de estilo balin\u00e9s, adem\u00e1s de un pabell\u00f3n para bodas y eventos especiales \u2013 en el invierno del 2010 se incluy\u00f3 el dise\u00f1o de una pasarela de moda dise\u00f1ada a medida. Todas estas reformas han contribuido a la creaci\u00f3n de un hotel incre\u00edble conocido como uno de los mejores lugares para hospedarse en la isla.<\/p>\n<\/div><\/section><\/p><\/div><div class=\"flex_column av_one_fifth  flex_column_div av-zero-column-padding   \" style='border-radius:0px; '><\/div>\n","protected":false},"excerpt":{"rendered":"","protected":false},"author":1,"featured_media":0,"parent":498,"menu_order":0,"comment_status":"closed","ping_status":"closed","template":"","meta":[],"_links":{"self":[{"href":"https:\/\/balafiadebaix.com\/es\/wp-json\/wp\/v2\/pages\/465"}],"collection":[{"href":"https:\/\/balafiadebaix.com\/es\/wp-json\/wp\/v2\/pages"}],"about":[{"href":"https:\/\/balafiadebaix.com\/es\/wp-json\/wp\/v2\/types\/page"}],"author":[{"embeddable":true,"href":"https:\/\/balafiadebaix.com\/es\/wp-json\/wp\/v2\/users\/1"}],"replies":[{"embeddable":true,"href":"https:\/\/balafiadebaix.com\/es\/wp-json\/wp\/v2\/comments?post=465"}],"version-history":[{"count":7,"href":"https:\/\/balafiadebaix.com\/es\/wp-json\/wp\/v2\/pages\/465\/revisions"}],"predecessor-version":[{"id":835,"href":"https:\/\/balafiadebaix.com\/es\/wp-json\/wp\/v2\/pages\/465\/revisions\/835"}],"up":[{"embeddable":true,"href":"https:\/\/balafiadebaix.com\/es\/wp-json\/wp\/v2\/pages\/498"}],"wp:attachment":[{"href":"https:\/\/balafiadebaix.com\/es\/wp-json\/wp\/v2\/media?parent=465"}],"curies":[{"name":"wp","href":"https:\/\/api.w.org\/{rel}","templated":true}]}}