{"id":460,"date":"2015-12-18T11:16:17","date_gmt":"2015-12-18T11:16:17","guid":{"rendered":"http:\/\/balafiadebaix.com\/about\/?lang=es"},"modified":"2016-02-14T12:47:08","modified_gmt":"2016-02-14T12:47:08","slug":"about","status":"publish","type":"page","link":"https:\/\/balafiadebaix.com\/es\/","title":{"rendered":"Sobre nosotros"},"content":{"rendered":"<\/div><\/div><\/div><!-- close content main div --><\/div><\/div><div id='text-color-section' class='avia-section main_color avia-section-default avia-no-border-styling av-parallax-section av-section-color-overlay-active avia-bg-style-parallax   av-minimum-height av-minimum-height-100 container_wrap fullsize'  data-section-bg-repeat='no-repeat' ><div class='av-parallax' data-avia-parallax-ratio='0.3' ><div class='av-parallax-inner main_color  avia-full-stretch' style = 'background-repeat: no-repeat; background-image: url(https:\/\/balafiadebaix.com\/wp-content\/uploads\/can-marias-image-05.jpg); background-attachment: scroll; background-position: top left; ' ><\/div><\/div><div class='av-section-color-overlay-wrap'><div class='av-section-color-overlay' style='opacity: 0.4; background-color: #020202; '><\/div><div class='container' ><div class='template-page content  av-content-full alpha units'><div class='post-entry post-entry-type-page post-entry-460'><div class='entry-content-wrapper clearfix'>\n<div class=\"flex_column av_one_fifth  flex_column_div av-zero-column-padding first  \" style='border-radius:0px; '><\/div><div class=\"flex_column av_three_fifth  flex_column_div av-zero-column-padding   \" style='border-radius:0px; '><p><div style='padding-bottom:8px;color:#ffffff;' class='av-special-heading av-special-heading-h1 custom-color-heading blockquote modern-quote modern-centered  '><h1 class='av-special-heading-tag'  itemprop=\"headline\"  >Sobre nosotros<\/h1><div class='special-heading-border'><div class='special-heading-inner-border' style='border-color:#ffffff'><\/div><\/div><\/div><br \/>\n<section class=\"av_textblock_section\"  itemscope=\"itemscope\" itemtype=\"https:\/\/schema.org\/CreativeWork\" ><div class='avia_textblock  av_inherit_color'  style='font-size:14px; color:#ffffff; '  itemprop=\"text\" ><p style=\"text-align: center;\">Balafia de Baix es una compa\u00f1\u00eda de construcci\u00f3n fundada y bien establecida en la preciosa isla de Ibiza que goza de una gran experiencia y un equipo totalmente profesional. Balafia de Baix se dedica a construir inmuebles de ensue\u00f1o, especializ\u00e1ndose en casas de campo. Con generaciones de experiencia en la industria y un conocimiento privilegiado de las tradiciones, leyes y paisaje de la isla, Balafia de Baix se apasiona por cada uno de los proyectos como si fuera el suyo propio.<\/p>\n<p style=\"text-align: center;\">Trabajando conjuntamente con los clientes para entender completamente sus necesidades y deseos, el objetivo de Balafia de Baix es el de proporcionar la mayor calidad respetando el entorno y haciendo todo lo posible para preservar la espectacular naturaleza por la que Ibiza es conocida.<\/p>\n<\/div><\/section><br \/>\n<div  class='hr hr-default '><span class='hr-inner ' ><span class='hr-inner-style'><\/span><\/span><\/div><\/p><\/div><div class=\"flex_column av_one_fifth  flex_column_div av-zero-column-padding   \" style='border-radius:0px; '><\/div>\n","protected":false},"excerpt":{"rendered":"","protected":false},"author":1,"featured_media":0,"parent":0,"menu_order":0,"comment_status":"closed","ping_status":"closed","template":"","meta":[],"_links":{"self":[{"href":"https:\/\/balafiadebaix.com\/es\/wp-json\/wp\/v2\/pages\/460"}],"collection":[{"href":"https:\/\/balafiadebaix.com\/es\/wp-json\/wp\/v2\/pages"}],"about":[{"href":"https:\/\/balafiadebaix.com\/es\/wp-json\/wp\/v2\/types\/page"}],"author":[{"embeddable":true,"href":"https:\/\/balafiadebaix.com\/es\/wp-json\/wp\/v2\/users\/1"}],"replies":[{"embeddable":true,"href":"https:\/\/balafiadebaix.com\/es\/wp-json\/wp\/v2\/comments?post=460"}],"version-history":[{"count":14,"href":"https:\/\/balafiadebaix.com\/es\/wp-json\/wp\/v2\/pages\/460\/revisions"}],"predecessor-version":[{"id":747,"href":"https:\/\/balafiadebaix.com\/es\/wp-json\/wp\/v2\/pages\/460\/revisions\/747"}],"wp:attachment":[{"href":"https:\/\/balafiadebaix.com\/es\/wp-json\/wp\/v2\/media?parent=460"}],"curies":[{"name":"wp","href":"https:\/\/api.w.org\/{rel}","templated":true}]}}